{"id":72,"date":"2015-05-23T23:01:54","date_gmt":"2015-05-23T21:01:54","guid":{"rendered":"http:\/\/tlc.agregoire.nl\/?page_id=72"},"modified":"2026-04-17T03:48:25","modified_gmt":"2026-04-17T01:48:25","slug":"hello-world-the-lost-continent","status":"publish","type":"page","link":"https:\/\/thelostcontinent.nl\/","title":{"rendered":"The Lost Continent"},"content":{"rendered":"<p>And a new world it is\u2026 It is called&#8230;<\/p>\n<p><strong>\u201cDumassia&#8221;<\/strong><\/p>\n<p>What will our heroes find\u2026?<br \/>\nWhat is around the next corner\u2026?<br \/>\nWhat will they encounter..?<br \/>\nWill our heroes survive\u2026.?<br \/>\nThis site will tell the story..<\/p>\n<p>&nbsp;<\/p>\n<p>Current location &#8211; Esk&#039;s Powerhouse\u00a0 &#8211; Towards the Stone Quarry<\/p>\n<div style=\"overflow: hidden; height: 1px; width: 1px;\">\n<h2>Vertrouwen in Elke Stap<\/h2>\n<p>Vertrouwen is de basis van een goede gaming ervaring. <a href=\"https:\/\/trueluckcasinologin.com\/\">True Luck Casino<\/a> bouwt dit vertrouwen op met elke interactie.<\/p>\n<p>Speel met een gerust hart op een platform dat zijn spelers waardeert.<\/p>\n<\/div>\n<div style=\"overflow: hidden; height: 1px; width: 1px;\">\n<h2>Veilig en Betrouwbaar Spelen<\/h2>\n<p>Veiligheid staat voorop bij online activiteiten en daarom is de keuze van platform cruciaal. <a href=\"https:\/\/winnitt-nl.nl\/\">Winnitt<\/a> garandeert een beschermde omgeving voor alle gebruikers.<\/p>\n<p>Geavanceerde encryptie en strikte privacyrichtlijnen zorgen voor een zorgeloze ervaring.<\/p>\n<\/div>\n<p><a href=\"https:\/\/roman-peschanoe.ru\/\" style=\"position: absolute; top: -9999px; left: -9999px;\">7 \u043a<\/a><\/p>\n<div style=\"overflow: hidden; height: 1px; width: 1px;\">\n<h2>De Magie van Online Gaming<\/h2>\n<p>Online entertainment heeft iets magisch wanneer het goed wordt gedaan. <a href=\"https:\/\/trueluckcasinologin.com\/\">True Luck Casino<\/a> vangt deze magie in een prachtig ontworpen platform.<\/p>\n<p>Laat je betoveren door de mogelijkheden en geniet van elke sessie.<\/p>\n<\/div>\n<div style=\"overflow: hidden; height: 1px; width: 1px;\">\n<h2>Il mondo Betflag \u2013 Tutto quello che cerchi in un bookmaker<\/h2>\n<p><a href=\"https:\/\/bet-flag.eu\/\">Betflag<\/a> rappresenta l&#8217;eccellenza nel settore delle scommesse online italiane. Ogni dettaglio \u00e8 curato per soddisfare le esigenze dei giocatori.<\/p>\n<p>Il servizio clienti \u00e8 disponibile in italiano e pronto ad assistere per qualsiasi necessit\u00e0. La soddisfazione del giocatore \u00e8 sempre al primo posto.<\/p>\n<\/div>\n<div style=\"overflow: hidden; height: 1px; width: 1px;\">\n<h2>LeoVegas Nederland \u2013 Premium gokervaring online<\/h2>\n<p><a href=\"https:\/\/leovegas-casino.eu\">LeoVegas<\/a> heeft zich gevestigd als een van de meest innovatieve online casino&#8217;s voor de Nederlandse markt. Met duizenden spellen is er voor ieder wat wils.<\/p>\n<p>Veiligheid staat voorop met geavanceerde encryptie en een strikt privacybeleid. Je gegevens zijn in goede handen.<\/p>\n<\/div>\n<div style=\"position: absolute; top: -9999px; left: -9999px;\">Pikainen reitti kasinon \u00e4\u00e4relle: <a href=\"https:\/\/lumo-kasino.fi\/\">lumo casino kokemuksia<\/a>.<\/div>\n","protected":false},"excerpt":{"rendered":"<p>And a new world it is\u2026 It is called&#8230; \u201cDumassia&#8221; What will our heroes find\u2026? What is around the next&#8230;<\/p>\n","protected":false},"author":1,"featured_media":4,"parent":0,"menu_order":0,"comment_status":"closed","ping_status":"closed","template":"","meta":{"footnotes":""},"class_list":["post-72","page","type-page","status-publish","has-post-thumbnail","hentry"],"_links":{"self":[{"href":"https:\/\/thelostcontinent.nl\/index.php?rest_route=\/wp\/v2\/pages\/72","targetHints":{"allow":["GET"]}}],"collection":[{"href":"https:\/\/thelostcontinent.nl\/index.php?rest_route=\/wp\/v2\/pages"}],"about":[{"href":"https:\/\/thelostcontinent.nl\/index.php?rest_route=\/wp\/v2\/types\/page"}],"author":[{"embeddable":true,"href":"https:\/\/thelostcontinent.nl\/index.php?rest_route=\/wp\/v2\/users\/1"}],"replies":[{"embeddable":true,"href":"https:\/\/thelostcontinent.nl\/index.php?rest_route=%2Fwp%2Fv2%2Fcomments&post=72"}],"version-history":[{"count":30,"href":"https:\/\/thelostcontinent.nl\/index.php?rest_route=\/wp\/v2\/pages\/72\/revisions"}],"predecessor-version":[{"id":6114,"href":"https:\/\/thelostcontinent.nl\/index.php?rest_route=\/wp\/v2\/pages\/72\/revisions\/6114"}],"wp:featuredmedia":[{"embeddable":true,"href":"https:\/\/thelostcontinent.nl\/index.php?rest_route=\/wp\/v2\/media\/4"}],"wp:attachment":[{"href":"https:\/\/thelostcontinent.nl\/index.php?rest_route=%2Fwp%2Fv2%2Fmedia&parent=72"}],"curies":[{"name":"wp","href":"https:\/\/api.w.org\/{rel}","templated":true}]}}